{"id":263,"date":"2024-09-21T19:45:38","date_gmt":"2024-09-21T16:45:38","guid":{"rendered":"https:\/\/www.learnwave.io\/strona-glowna\/"},"modified":"2024-12-29T23:14:21","modified_gmt":"2024-12-29T20:14:21","slug":"strona-glowna","status":"publish","type":"page","link":"https:\/\/www.learnwave.io\/pl\/","title":{"rendered":"Strona g\u0142\u00f3wna"},"content":{"rendered":"","protected":false},"excerpt":{"rendered":"","protected":false},"author":1,"featured_media":0,"parent":0,"menu_order":0,"comment_status":"closed","ping_status":"closed","template":"","meta":{"_acf_changed":false,"om_disable_all_campaigns":false,"inline_featured_image":false,"_monsterinsights_skip_tracking":false,"_monsterinsights_sitenote_active":false,"_monsterinsights_sitenote_note":"","_monsterinsights_sitenote_category":0,"_uf_show_specific_survey":0,"_uf_disable_surveys":false,"footnotes":""},"class_list":["post-263","page","type-page","status-publish","hentry"],"acf":[],"yoast_head":"<!-- This site is optimized with the Yoast SEO plugin v23.5 - https:\/\/yoast.com\/wordpress\/plugins\/seo\/ -->\n<title>Learnwave \u2014 Innowacyjna aplikacja AI do nauki dowolnych przedmiot\u00f3w<\/title>\n<meta name=\"description\" content=\"Odkryj Learnwave, wszechstronn\u0105 aplikacj\u0119 edukacyjn\u0105 wspieran\u0105 przez sztuczn\u0105 inteligencj\u0119, kt\u00f3ra dostosowuje nauk\u0119 do Twoich zainteresowa\u0144. Ucz si\u0119 wszystkiego \u2014 od matematyki po muzyk\u0119, gdziekolwiek i kiedykolwiek.\" \/>\n<meta name=\"robots\" content=\"index, follow, max-snippet:-1, max-image-preview:large, max-video-preview:-1\" \/>\n<link rel=\"canonical\" href=\"https:\/\/www.learnwave.io\/pl\/\" \/>\n<meta property=\"og:locale\" content=\"pl_PL\" \/>\n<meta property=\"og:type\" content=\"article\" \/>\n<meta property=\"og:title\" content=\"Learnwave \u2014 Innowacyjna aplikacja AI do nauki dowolnych przedmiot\u00f3w\" \/>\n<meta property=\"og:description\" content=\"Odkryj Learnwave, wszechstronn\u0105 aplikacj\u0119 edukacyjn\u0105 wspieran\u0105 przez sztuczn\u0105 inteligencj\u0119, kt\u00f3ra dostosowuje nauk\u0119 do Twoich zainteresowa\u0144. Ucz si\u0119 wszystkiego \u2014 od matematyki po muzyk\u0119, gdziekolwiek i kiedykolwiek.\" \/>\n<meta property=\"og:url\" content=\"https:\/\/www.learnwave.io\/pl\/\" \/>\n<meta property=\"og:site_name\" content=\"Learnwave\" \/>\n<meta property=\"article:modified_time\" content=\"2024-12-29T20:14:21+00:00\" \/>\n<meta name=\"twitter:card\" content=\"summary_large_image\" \/>\n<script type=\"application\/ld+json\" class=\"yoast-schema-graph\">{\"@context\":\"https:\/\/schema.org\",\"@graph\":[{\"@type\":\"WebPage\",\"@id\":\"https:\/\/www.learnwave.io\/pl\/\",\"url\":\"https:\/\/www.learnwave.io\/pl\/\",\"name\":\"Learnwave \u2014 Innowacyjna aplikacja AI do nauki dowolnych przedmiot\u00f3w\",\"isPartOf\":{\"@id\":\"https:\/\/www.learnwave.io\/pl\/#website\"},\"datePublished\":\"2024-09-21T16:45:38+00:00\",\"dateModified\":\"2024-12-29T20:14:21+00:00\",\"description\":\"Odkryj Learnwave, wszechstronn\u0105 aplikacj\u0119 edukacyjn\u0105 wspieran\u0105 przez sztuczn\u0105 inteligencj\u0119, kt\u00f3ra dostosowuje nauk\u0119 do Twoich zainteresowa\u0144. Ucz si\u0119 wszystkiego \u2014 od matematyki po muzyk\u0119, gdziekolwiek i kiedykolwiek.\",\"breadcrumb\":{\"@id\":\"https:\/\/www.learnwave.io\/pl\/#breadcrumb\"},\"inLanguage\":\"pl-PL\",\"potentialAction\":[{\"@type\":\"ReadAction\",\"target\":[\"https:\/\/www.learnwave.io\/pl\/\"]}]},{\"@type\":\"BreadcrumbList\",\"@id\":\"https:\/\/www.learnwave.io\/pl\/#breadcrumb\",\"itemListElement\":[{\"@type\":\"ListItem\",\"position\":1,\"name\":\"\u0413\u043b\u0430\u0432\u043d\u0430\u044f \u0441\u0442\u0440\u0430\u043d\u0438\u0446\u0430\",\"item\":\"https:\/\/www.learnwave.io\/pl\/\"},{\"@type\":\"ListItem\",\"position\":2,\"name\":\"Strona g\u0142\u00f3wna\"}]},{\"@type\":\"WebSite\",\"@id\":\"https:\/\/www.learnwave.io\/pl\/#website\",\"url\":\"https:\/\/www.learnwave.io\/pl\/\",\"name\":\"Learnwave\",\"description\":\"\",\"publisher\":{\"@id\":\"https:\/\/www.learnwave.io\/pl\/#organization\"},\"potentialAction\":[{\"@type\":\"SearchAction\",\"target\":{\"@type\":\"EntryPoint\",\"urlTemplate\":\"https:\/\/www.learnwave.io\/pl\/?s={search_term_string}\"},\"query-input\":{\"@type\":\"PropertyValueSpecification\",\"valueRequired\":true,\"valueName\":\"search_term_string\"}}],\"inLanguage\":\"pl-PL\"},{\"@type\":\"Organization\",\"@id\":\"https:\/\/www.learnwave.io\/pl\/#organization\",\"name\":\"Learnwave\",\"url\":\"https:\/\/www.learnwave.io\/pl\/\",\"logo\":{\"@type\":\"ImageObject\",\"inLanguage\":\"pl-PL\",\"@id\":\"https:\/\/www.learnwave.io\/pl\/#\/schema\/logo\/image\/\",\"url\":\"https:\/\/learnwave.h1n.ru\/wp-content\/uploads\/2024\/09\/logo.svg\",\"contentUrl\":\"https:\/\/learnwave.h1n.ru\/wp-content\/uploads\/2024\/09\/logo.svg\",\"width\":1,\"height\":1,\"caption\":\"Learnwave\"},\"image\":{\"@id\":\"https:\/\/www.learnwave.io\/pl\/#\/schema\/logo\/image\/\"}}]}<\/script>\n<!-- \/ Yoast SEO plugin. -->","yoast_head_json":{"title":"Learnwave \u2014 Innowacyjna aplikacja AI do nauki dowolnych przedmiot\u00f3w","description":"Odkryj Learnwave, wszechstronn\u0105 aplikacj\u0119 edukacyjn\u0105 wspieran\u0105 przez sztuczn\u0105 inteligencj\u0119, kt\u00f3ra dostosowuje nauk\u0119 do Twoich zainteresowa\u0144. Ucz si\u0119 wszystkiego \u2014 od matematyki po muzyk\u0119, gdziekolwiek i kiedykolwiek.","robots":{"index":"index","follow":"follow","max-snippet":"max-snippet:-1","max-image-preview":"max-image-preview:large","max-video-preview":"max-video-preview:-1"},"canonical":"https:\/\/www.learnwave.io\/pl\/","og_locale":"pl_PL","og_type":"article","og_title":"Learnwave \u2014 Innowacyjna aplikacja AI do nauki dowolnych przedmiot\u00f3w","og_description":"Odkryj Learnwave, wszechstronn\u0105 aplikacj\u0119 edukacyjn\u0105 wspieran\u0105 przez sztuczn\u0105 inteligencj\u0119, kt\u00f3ra dostosowuje nauk\u0119 do Twoich zainteresowa\u0144. Ucz si\u0119 wszystkiego \u2014 od matematyki po muzyk\u0119, gdziekolwiek i kiedykolwiek.","og_url":"https:\/\/www.learnwave.io\/pl\/","og_site_name":"Learnwave","article_modified_time":"2024-12-29T20:14:21+00:00","twitter_card":"summary_large_image","schema":{"@context":"https:\/\/schema.org","@graph":[{"@type":"WebPage","@id":"https:\/\/www.learnwave.io\/pl\/","url":"https:\/\/www.learnwave.io\/pl\/","name":"Learnwave \u2014 Innowacyjna aplikacja AI do nauki dowolnych przedmiot\u00f3w","isPartOf":{"@id":"https:\/\/www.learnwave.io\/pl\/#website"},"datePublished":"2024-09-21T16:45:38+00:00","dateModified":"2024-12-29T20:14:21+00:00","description":"Odkryj Learnwave, wszechstronn\u0105 aplikacj\u0119 edukacyjn\u0105 wspieran\u0105 przez sztuczn\u0105 inteligencj\u0119, kt\u00f3ra dostosowuje nauk\u0119 do Twoich zainteresowa\u0144. Ucz si\u0119 wszystkiego \u2014 od matematyki po muzyk\u0119, gdziekolwiek i kiedykolwiek.","breadcrumb":{"@id":"https:\/\/www.learnwave.io\/pl\/#breadcrumb"},"inLanguage":"pl-PL","potentialAction":[{"@type":"ReadAction","target":["https:\/\/www.learnwave.io\/pl\/"]}]},{"@type":"BreadcrumbList","@id":"https:\/\/www.learnwave.io\/pl\/#breadcrumb","itemListElement":[{"@type":"ListItem","position":1,"name":"\u0413\u043b\u0430\u0432\u043d\u0430\u044f \u0441\u0442\u0440\u0430\u043d\u0438\u0446\u0430","item":"https:\/\/www.learnwave.io\/pl\/"},{"@type":"ListItem","position":2,"name":"Strona g\u0142\u00f3wna"}]},{"@type":"WebSite","@id":"https:\/\/www.learnwave.io\/pl\/#website","url":"https:\/\/www.learnwave.io\/pl\/","name":"Learnwave","description":"","publisher":{"@id":"https:\/\/www.learnwave.io\/pl\/#organization"},"potentialAction":[{"@type":"SearchAction","target":{"@type":"EntryPoint","urlTemplate":"https:\/\/www.learnwave.io\/pl\/?s={search_term_string}"},"query-input":{"@type":"PropertyValueSpecification","valueRequired":true,"valueName":"search_term_string"}}],"inLanguage":"pl-PL"},{"@type":"Organization","@id":"https:\/\/www.learnwave.io\/pl\/#organization","name":"Learnwave","url":"https:\/\/www.learnwave.io\/pl\/","logo":{"@type":"ImageObject","inLanguage":"pl-PL","@id":"https:\/\/www.learnwave.io\/pl\/#\/schema\/logo\/image\/","url":"https:\/\/learnwave.h1n.ru\/wp-content\/uploads\/2024\/09\/logo.svg","contentUrl":"https:\/\/learnwave.h1n.ru\/wp-content\/uploads\/2024\/09\/logo.svg","width":1,"height":1,"caption":"Learnwave"},"image":{"@id":"https:\/\/www.learnwave.io\/pl\/#\/schema\/logo\/image\/"}}]}},"_links":{"self":[{"href":"https:\/\/www.learnwave.io\/pl\/wp-json\/wp\/v2\/pages\/263"}],"collection":[{"href":"https:\/\/www.learnwave.io\/pl\/wp-json\/wp\/v2\/pages"}],"about":[{"href":"https:\/\/www.learnwave.io\/pl\/wp-json\/wp\/v2\/types\/page"}],"author":[{"embeddable":true,"href":"https:\/\/www.learnwave.io\/pl\/wp-json\/wp\/v2\/users\/1"}],"replies":[{"embeddable":true,"href":"https:\/\/www.learnwave.io\/pl\/wp-json\/wp\/v2\/comments?post=263"}],"version-history":[{"count":3,"href":"https:\/\/www.learnwave.io\/pl\/wp-json\/wp\/v2\/pages\/263\/revisions"}],"predecessor-version":[{"id":335,"href":"https:\/\/www.learnwave.io\/pl\/wp-json\/wp\/v2\/pages\/263\/revisions\/335"}],"wp:attachment":[{"href":"https:\/\/www.learnwave.io\/pl\/wp-json\/wp\/v2\/media?parent=263"}],"curies":[{"name":"wp","href":"https:\/\/api.w.org\/{rel}","templated":true}]}}